{"id":2693,"date":"2021-05-07T12:10:05","date_gmt":"2021-05-07T10:10:05","guid":{"rendered":"https:\/\/the7.io\/cbd\/cart\/"},"modified":"2023-10-12T00:40:12","modified_gmt":"2023-10-11T22:40:12","slug":"warenkorb","status":"publish","type":"page","link":"https:\/\/elite-promotions.de\/shop\/christstollen\/warenkorb\/","title":{"rendered":"Warenkorb"},"content":{"rendered":"\t\t<div data-elementor-type=\"wp-page\" data-elementor-id=\"2693\" class=\"elementor elementor-2693\" data-elementor-post-type=\"page\">\n\t\t\t\t\t\t<section data-particle_enable=\"false\" data-particle-mobile-disabled=\"false\" class=\"elementor-section elementor-top-section elementor-element elementor-element-58f750ff elementor-section-boxed elementor-section-height-default elementor-section-height-default\" data-id=\"58f750ff\" data-element_type=\"section\" data-e-type=\"section\">\n\t\t\t\t\t\t<div class=\"elementor-container elementor-column-gap-wider\">\n\t\t\t\t\t<div class=\"elementor-column elementor-col-100 elementor-top-column elementor-element elementor-element-469f0d66\" data-id=\"469f0d66\" data-element_type=\"column\" data-e-type=\"column\">\n\t\t\t<div class=\"elementor-widget-wrap elementor-element-populated\">\n\t\t\t\t\t\t<div class=\"elementor-element elementor-element-ddc9502 elementor-widget elementor-widget-eael-woo-cart\" data-id=\"ddc9502\" data-element_type=\"widget\" data-e-type=\"widget\" data-settings=\"{&quot;eael_woo_cart_components_continue_shopping_icon&quot;:{&quot;value&quot;:&quot;fas fa-chevron-left&quot;,&quot;library&quot;:&quot;fa-solid&quot;}}\" data-widget_type=\"eael-woo-cart.default\">\n\t\t\t\t<div class=\"elementor-widget-container\">\n\t\t\t\t\t\t\t\t\t<div class=\"eael-woo-cart-wrapper eael-woo-cart-empty eael-woo-default eael-auto-update33\">\n\t\t\t\t<div class=\"woocommerce-notices-wrapper\"><\/div><div class=\"wc-empty-cart-message\">\n\t<div class=\"cart-empty woocommerce-info\" role=\"status\">\n        <div class=\"woocommerce-info-text\">Ihr Warenkorb ist derzeit noch leer<\/div>\n        <span class=\"close-message\"><\/span>\n\t<\/div>\n<\/div>\t<p class=\"return-to-shop\">\n\t\t<a class=\"button wc-backward\" href=\"https:\/\/elite-promotions.de\/shop\/christstollen\/\">\n\t\t\tZur\u00fcck zum Shop\t\t<\/a>\n\t<\/p>\n                <\/div>\n\t\t\t\t        <script>document.body.classList.add(\"eael-woo-cart\");<\/script>\n\t\t\t\t\t\t<\/div>\n\t\t\t\t<\/div>\n\t\t\t\t\t<\/div>\n\t\t<\/div>\n\t\t\t\t\t<\/div>\n\t\t<\/section>\n\t\t\t\t<\/div>\n\t\t","protected":false},"excerpt":{"rendered":"<p>Produkt Preis Christstollen mit Etikett 03 &#8211; 25 St\u00fcck 99,75&nbsp;&euro; Christstollen mit Etikett 03 &#8211; 100 St\u00fcck 375,00&nbsp;&euro; Christstollen mit Etikett 01 &#8211; 25 St\u00fcck 99,75&nbsp;&euro; Christstollen mit Etikett 02 &#8211; 10 St\u00fcck 39,90&nbsp;&euro; Coupon: anwenden Einkauf fortsetzen Subtotal 614,39&nbsp;&euro; (exkl. MwSt.) Versand Kostenlose Lieferung Abholung vor Ort Versandoptionen werden w\u00e4hrend des Bezahlvorgangs aktualisiert. 19&hellip;<\/p>\n","protected":false},"author":1,"featured_media":0,"parent":2692,"menu_order":210,"comment_status":"closed","ping_status":"closed","template":"","meta":{"footnotes":""},"class_list":["post-2693","page","type-page","status-publish","hentry"],"yoast_head":"<!-- This site is optimized with the Yoast SEO plugin v27.6 - https:\/\/yoast.com\/product\/yoast-seo-wordpress\/ -->\n<title>Warenkorb | Elite Shop<\/title>\n<meta name=\"robots\" content=\"index, follow, max-snippet:-1, max-image-preview:large, max-video-preview:-1\" \/>\n<link rel=\"canonical\" href=\"https:\/\/elite-promotions.de\/shop\/christstollen\/warenkorb\/\" \/>\n<meta property=\"og:locale\" content=\"de_DE\" \/>\n<meta property=\"og:type\" content=\"article\" \/>\n<meta property=\"og:title\" content=\"Warenkorb | Elite Shop\" \/>\n<meta property=\"og:description\" content=\"Produkt Preis Christstollen mit Etikett 03 &#8211; 25 St\u00fcck 99,75&nbsp;&euro; Christstollen mit Etikett 03 &#8211; 100 St\u00fcck 375,00&nbsp;&euro; Christstollen mit Etikett 01 &#8211; 25 St\u00fcck 99,75&nbsp;&euro; Christstollen mit Etikett 02 &#8211; 10 St\u00fcck 39,90&nbsp;&euro; Coupon: anwenden Einkauf fortsetzen Subtotal 614,39&nbsp;&euro; (exkl. MwSt.) Versand Kostenlose Lieferung Abholung vor Ort Versandoptionen werden w\u00e4hrend des Bezahlvorgangs aktualisiert. 19&hellip;\" \/>\n<meta property=\"og:url\" content=\"https:\/\/elite-promotions.de\/shop\/christstollen\/warenkorb\/\" \/>\n<meta property=\"og:site_name\" content=\"Elite Shop\" \/>\n<meta property=\"article:publisher\" content=\"https:\/\/www.facebook.com\/elitereklame\" \/>\n<meta property=\"article:modified_time\" content=\"2023-10-11T22:40:12+00:00\" \/>\n<meta property=\"og:image\" content=\"https:\/\/elite-promotions.de\/shop\/wp-content\/uploads\/2022\/11\/Christstollen_Design_03.jpg\" \/>\n<meta name=\"twitter:card\" content=\"summary_large_image\" \/>\n<meta name=\"twitter:label1\" content=\"Gesch\u00e4tzte Lesezeit\" \/>\n\t<meta name=\"twitter:data1\" content=\"2\u00a0Minuten\" \/>\n<script type=\"application\/ld+json\" class=\"yoast-schema-graph\">{\"@context\":\"https:\\\/\\\/schema.org\",\"@graph\":[{\"@type\":\"WebPage\",\"@id\":\"https:\\\/\\\/elite-promotions.de\\\/shop\\\/christstollen\\\/warenkorb\\\/\",\"url\":\"https:\\\/\\\/elite-promotions.de\\\/shop\\\/christstollen\\\/warenkorb\\\/\",\"name\":\"Warenkorb | Elite Shop\",\"isPartOf\":{\"@id\":\"https:\\\/\\\/elite-promotions.de\\\/shop\\\/#website\"},\"primaryImageOfPage\":{\"@id\":\"https:\\\/\\\/elite-promotions.de\\\/shop\\\/christstollen\\\/warenkorb\\\/#primaryimage\"},\"image\":{\"@id\":\"https:\\\/\\\/elite-promotions.de\\\/shop\\\/christstollen\\\/warenkorb\\\/#primaryimage\"},\"thumbnailUrl\":\"https:\\\/\\\/elite-promotions.de\\\/shop\\\/wp-content\\\/uploads\\\/2022\\\/11\\\/Christstollen_Design_03.jpg\",\"datePublished\":\"2021-05-07T10:10:05+00:00\",\"dateModified\":\"2023-10-11T22:40:12+00:00\",\"breadcrumb\":{\"@id\":\"https:\\\/\\\/elite-promotions.de\\\/shop\\\/christstollen\\\/warenkorb\\\/#breadcrumb\"},\"inLanguage\":\"de\",\"potentialAction\":[{\"@type\":\"ReadAction\",\"target\":[\"https:\\\/\\\/elite-promotions.de\\\/shop\\\/christstollen\\\/warenkorb\\\/\"]}]},{\"@type\":\"ImageObject\",\"inLanguage\":\"de\",\"@id\":\"https:\\\/\\\/elite-promotions.de\\\/shop\\\/christstollen\\\/warenkorb\\\/#primaryimage\",\"url\":\"https:\\\/\\\/elite-promotions.de\\\/shop\\\/wp-content\\\/uploads\\\/2022\\\/11\\\/Christstollen_Design_03.jpg\",\"contentUrl\":\"https:\\\/\\\/elite-promotions.de\\\/shop\\\/wp-content\\\/uploads\\\/2022\\\/11\\\/Christstollen_Design_03.jpg\",\"width\":2560,\"height\":1690,\"caption\":\"Christstollen mit Etikett im Design 03\"},{\"@type\":\"BreadcrumbList\",\"@id\":\"https:\\\/\\\/elite-promotions.de\\\/shop\\\/christstollen\\\/warenkorb\\\/#breadcrumb\",\"itemListElement\":[{\"@type\":\"ListItem\",\"position\":1,\"name\":\"Startseite\",\"item\":\"https:\\\/\\\/elite-promotions.de\\\/shop\\\/\"},{\"@type\":\"ListItem\",\"position\":2,\"name\":\"Shop\",\"item\":\"https:\\\/\\\/elite-promotions.de\\\/shop\\\/christstollen\\\/\"},{\"@type\":\"ListItem\",\"position\":3,\"name\":\"Warenkorb\"}]},{\"@type\":\"WebSite\",\"@id\":\"https:\\\/\\\/elite-promotions.de\\\/shop\\\/#website\",\"url\":\"https:\\\/\\\/elite-promotions.de\\\/shop\\\/\",\"name\":\"Elite Shop\",\"description\":\"Werbemittelshop\",\"publisher\":{\"@id\":\"https:\\\/\\\/elite-promotions.de\\\/shop\\\/#organization\"},\"potentialAction\":[{\"@type\":\"SearchAction\",\"target\":{\"@type\":\"EntryPoint\",\"urlTemplate\":\"https:\\\/\\\/elite-promotions.de\\\/shop\\\/?s={search_term_string}\"},\"query-input\":{\"@type\":\"PropertyValueSpecification\",\"valueRequired\":true,\"valueName\":\"search_term_string\"}}],\"inLanguage\":\"de\"},{\"@type\":\"Organization\",\"@id\":\"https:\\\/\\\/elite-promotions.de\\\/shop\\\/#organization\",\"name\":\"Elite Promotions\",\"alternateName\":\"Elite Promotions\",\"url\":\"https:\\\/\\\/elite-promotions.de\\\/shop\\\/\",\"logo\":{\"@type\":\"ImageObject\",\"inLanguage\":\"de\",\"@id\":\"https:\\\/\\\/elite-promotions.de\\\/shop\\\/#\\\/schema\\\/logo\\\/image\\\/\",\"url\":\"\",\"contentUrl\":\"\",\"caption\":\"Elite Promotions\"},\"image\":{\"@id\":\"https:\\\/\\\/elite-promotions.de\\\/shop\\\/#\\\/schema\\\/logo\\\/image\\\/\"},\"sameAs\":[\"https:\\\/\\\/www.facebook.com\\\/elitereklame\",\"https:\\\/\\\/www.instagram.com\\\/elitereklame\"]}]}<\/script>\n<!-- \/ Yoast SEO plugin. -->","yoast_head_json":{"title":"Warenkorb | Elite Shop","robots":{"index":"index","follow":"follow","max-snippet":"max-snippet:-1","max-image-preview":"max-image-preview:large","max-video-preview":"max-video-preview:-1"},"canonical":"https:\/\/elite-promotions.de\/shop\/christstollen\/warenkorb\/","og_locale":"de_DE","og_type":"article","og_title":"Warenkorb | Elite Shop","og_description":"Produkt Preis Christstollen mit Etikett 03 &#8211; 25 St\u00fcck 99,75&nbsp;&euro; Christstollen mit Etikett 03 &#8211; 100 St\u00fcck 375,00&nbsp;&euro; Christstollen mit Etikett 01 &#8211; 25 St\u00fcck 99,75&nbsp;&euro; Christstollen mit Etikett 02 &#8211; 10 St\u00fcck 39,90&nbsp;&euro; Coupon: anwenden Einkauf fortsetzen Subtotal 614,39&nbsp;&euro; (exkl. MwSt.) Versand Kostenlose Lieferung Abholung vor Ort Versandoptionen werden w\u00e4hrend des Bezahlvorgangs aktualisiert. 19&hellip;","og_url":"https:\/\/elite-promotions.de\/shop\/christstollen\/warenkorb\/","og_site_name":"Elite Shop","article_publisher":"https:\/\/www.facebook.com\/elitereklame","article_modified_time":"2023-10-11T22:40:12+00:00","og_image":[{"url":"https:\/\/elite-promotions.de\/shop\/wp-content\/uploads\/2022\/11\/Christstollen_Design_03.jpg","type":"","width":"","height":""}],"twitter_card":"summary_large_image","twitter_misc":{"Gesch\u00e4tzte Lesezeit":"2\u00a0Minuten"},"schema":{"@context":"https:\/\/schema.org","@graph":[{"@type":"WebPage","@id":"https:\/\/elite-promotions.de\/shop\/christstollen\/warenkorb\/","url":"https:\/\/elite-promotions.de\/shop\/christstollen\/warenkorb\/","name":"Warenkorb | Elite Shop","isPartOf":{"@id":"https:\/\/elite-promotions.de\/shop\/#website"},"primaryImageOfPage":{"@id":"https:\/\/elite-promotions.de\/shop\/christstollen\/warenkorb\/#primaryimage"},"image":{"@id":"https:\/\/elite-promotions.de\/shop\/christstollen\/warenkorb\/#primaryimage"},"thumbnailUrl":"https:\/\/elite-promotions.de\/shop\/wp-content\/uploads\/2022\/11\/Christstollen_Design_03.jpg","datePublished":"2021-05-07T10:10:05+00:00","dateModified":"2023-10-11T22:40:12+00:00","breadcrumb":{"@id":"https:\/\/elite-promotions.de\/shop\/christstollen\/warenkorb\/#breadcrumb"},"inLanguage":"de","potentialAction":[{"@type":"ReadAction","target":["https:\/\/elite-promotions.de\/shop\/christstollen\/warenkorb\/"]}]},{"@type":"ImageObject","inLanguage":"de","@id":"https:\/\/elite-promotions.de\/shop\/christstollen\/warenkorb\/#primaryimage","url":"https:\/\/elite-promotions.de\/shop\/wp-content\/uploads\/2022\/11\/Christstollen_Design_03.jpg","contentUrl":"https:\/\/elite-promotions.de\/shop\/wp-content\/uploads\/2022\/11\/Christstollen_Design_03.jpg","width":2560,"height":1690,"caption":"Christstollen mit Etikett im Design 03"},{"@type":"BreadcrumbList","@id":"https:\/\/elite-promotions.de\/shop\/christstollen\/warenkorb\/#breadcrumb","itemListElement":[{"@type":"ListItem","position":1,"name":"Startseite","item":"https:\/\/elite-promotions.de\/shop\/"},{"@type":"ListItem","position":2,"name":"Shop","item":"https:\/\/elite-promotions.de\/shop\/christstollen\/"},{"@type":"ListItem","position":3,"name":"Warenkorb"}]},{"@type":"WebSite","@id":"https:\/\/elite-promotions.de\/shop\/#website","url":"https:\/\/elite-promotions.de\/shop\/","name":"Elite Shop","description":"Werbemittelshop","publisher":{"@id":"https:\/\/elite-promotions.de\/shop\/#organization"},"potentialAction":[{"@type":"SearchAction","target":{"@type":"EntryPoint","urlTemplate":"https:\/\/elite-promotions.de\/shop\/?s={search_term_string}"},"query-input":{"@type":"PropertyValueSpecification","valueRequired":true,"valueName":"search_term_string"}}],"inLanguage":"de"},{"@type":"Organization","@id":"https:\/\/elite-promotions.de\/shop\/#organization","name":"Elite Promotions","alternateName":"Elite Promotions","url":"https:\/\/elite-promotions.de\/shop\/","logo":{"@type":"ImageObject","inLanguage":"de","@id":"https:\/\/elite-promotions.de\/shop\/#\/schema\/logo\/image\/","url":"","contentUrl":"","caption":"Elite Promotions"},"image":{"@id":"https:\/\/elite-promotions.de\/shop\/#\/schema\/logo\/image\/"},"sameAs":["https:\/\/www.facebook.com\/elitereklame","https:\/\/www.instagram.com\/elitereklame"]}]}},"publishpress_future_action":{"enabled":false,"date":"2026-05-20 11:53:36","action":"change-status","newStatus":"draft","terms":[],"taxonomy":"","extraData":[]},"publishpress_future_workflow_manual_trigger":{"enabledWorkflows":[]},"_links":{"self":[{"href":"https:\/\/elite-promotions.de\/shop\/wp-json\/wp\/v2\/pages\/2693","targetHints":{"allow":["GET"]}}],"collection":[{"href":"https:\/\/elite-promotions.de\/shop\/wp-json\/wp\/v2\/pages"}],"about":[{"href":"https:\/\/elite-promotions.de\/shop\/wp-json\/wp\/v2\/types\/page"}],"author":[{"embeddable":true,"href":"https:\/\/elite-promotions.de\/shop\/wp-json\/wp\/v2\/users\/1"}],"replies":[{"embeddable":true,"href":"https:\/\/elite-promotions.de\/shop\/wp-json\/wp\/v2\/comments?post=2693"}],"version-history":[{"count":0,"href":"https:\/\/elite-promotions.de\/shop\/wp-json\/wp\/v2\/pages\/2693\/revisions"}],"up":[{"embeddable":true,"href":"https:\/\/elite-promotions.de\/shop\/wp-json\/wp\/v2\/pages\/2692"}],"wp:attachment":[{"href":"https:\/\/elite-promotions.de\/shop\/wp-json\/wp\/v2\/media?parent=2693"}],"curies":[{"name":"wp","href":"https:\/\/api.w.org\/{rel}","templated":true}]}}